{"id":2562,"date":"2019-12-16T17:46:09","date_gmt":"2019-12-16T15:46:09","guid":{"rendered":"https:\/\/www.fundaciovallbo.cat\/legal-warning\/"},"modified":"2022-07-06T14:48:49","modified_gmt":"2022-07-06T12:48:49","slug":"aviso-legal","status":"publish","type":"page","link":"https:\/\/www.fundaciovallbo.cat\/es\/aviso-legal\/","title":{"rendered":"Aviso Legal"},"content":{"rendered":"<div class=\"page\" title=\"Page 1\">\n<div class=\"layoutArea\">\n<div class=\"column\">\n<h2>1.- AVISO LEGAL<\/h2>\n<div class=\"page\" title=\"Page 1\">\n<div>\n<p>OBJETO Y ACEPTACI\u00d3N<\/p>\n<p>Este aviso legal regula el uso del sitio web WWW.FUNDACIOVALLBO.CAT, propiedad de Fundaci\u00f3 Vallbo.<\/p>\n<p>La navegaci\u00f3n en el sitio web atribuye la condici\u00f3n de usuario de la misma e implica la aceptaci\u00f3n plena y sin reservas de todas y cada una de las disposiciones incluidas en este Aviso Legal, que pueden sufrir modificaciones.<\/p>\n<p>El usuario se compromete a hacer un uso correcto del sitio web de conformidad con las leyes, la buena fe, el orden p\u00fablico, los usos comerciales del tr\u00e1fico y el presente aviso.<\/p>\n<p>El usuario responder\u00e1 al propietario de la web o a terceros, de los da\u00f1os y perjuicios que pudieran ocasionarse como consecuencia del incumplimiento de dicha obligaci\u00f3n.<\/p>\n<p>IDENTIFICACI\u00d3N Y COMUNICACIONES<\/p>\n<p>El propietario del sitio web le informa que el nombre de su empresa es Fundaci\u00f3 Vallbo, su n\u00famero de identificaci\u00f3n fiscal G55742910, y su direcci\u00f3n registrada C\/Luxemburg, 19, Constant\u00ed, 43120, Espa\u00f1a.<\/p>\n<p>Para comunicarse con nosotros, le ofrecemos diferentes medios de contacto que se detallan a continuaci\u00f3n:<\/p>\n<\/div>\n<div class=\"section\">\n<div class=\"layoutArea\">\n<div class=\"column\">\n<p>\u2022 Correo electr\u00f3nico secretaria@fundaciovallbo.cat<\/p>\n<\/div>\n<\/div>\n<div class=\"layoutArea\">\n<div class=\"column\">\n<p>Todas las notificaciones y comunicaciones entre los usuarios y el propietario del sitio web se considerar\u00e1n eficaces, a todos los efectos, cuando se realicen por correo postal o cualquier otro medio detallado a continuaci\u00f3n.<\/p>\n<\/div>\n<\/div>\n<div class=\"layoutArea\">\n<div class=\"column\">\n<p>CONDICIONES DE ACCESO Y USO<\/p>\n<p>El sitio web y sus servicios son gratuitos y de libre acceso, sin embargo, el titular del sitio web condiciona el uso de algunos de los servicios ofrecidos en su p\u00e1gina web, a la previa cumplimentaci\u00f3n del formulario correspondiente. El usuario garantiza la autenticidad y puntualidad de todos los datos que comunica y ser\u00e1 el \u00fanico responsable de las declaraciones falsas o inexactas que haga. El usuario se compromete expresamente a hacer uso adecuado de los contenidos y servicios del propietario del sitio web y no utilizarlos para:<\/p>\n<\/div>\n<\/div>\n<\/div>\n<div class=\"section\">\n<div class=\"layoutArea\">\n<div class=\"column\">\n<ul>\n<li>Difundir contenido criminal, violento, pornogr\u00e1fico, racista, xen\u00f3fofo, terrorista o, en general, contrario a la ley y \/ o al orden p\u00fablico.<\/li>\n<li>Introducir virus inform\u00e1ticos o realizar acciones que puedan alterar, estropear, interrumpir o generar errores o da\u00f1os en los documentos electr\u00f3nicos, datos o sistemas f\u00edsicos y l\u00f3gicos del titular del sitio web o de terceros, as\u00ed como obstaculizar el acceso de otros usuarios a FUNDACIOVALLBO.CAT y sus servicios a trav\u00e9s del consumo masivo de los recursos inform\u00e1ticos, a trav\u00e9s del cual el titular de la web proporciona sus servicios.<\/li>\n<li>Intentar acceder a las cuentas de correo electr\u00f3nico de otros usuarios o a zonas restringidas de los sistemas inform\u00e1ticos del titular de la web o de terceros y, en sucaso, extraer informaci\u00f3n.<\/li>\n<li>Violar los derechos de propiedad intelectual o industrial, as\u00ed como violar la confidencialidad de la informaci\u00f3n del titular de la web o de terceros.<\/li>\n<li>Suplantar la identidad de otro usuario, de la administraci\u00f3n p\u00fablica o de un tercero.<\/li>\n<li>Reproducir, copiar, distribuir, poner a disposici\u00f3n o de otra forma comunicar p\u00fablicamente, transformar o modificar los contenidos, a menos que se autorice la autorizaci\u00f3n del titular de los derechos correspondientes o est\u00e9 legalmente permitida.<\/li>\n<li>Recopilar datos con fines publicitarios y enviar publicidad de cualquier tipo y comunicaciones para la venta u otros fines comerciales, sin su previa solicitud o consentimiento.<\/li>\n<\/ul>\n<\/div>\n<\/div>\n<\/div>\n<\/div>\n<div class=\"page\" title=\"Page 2\">\n<div class=\"section\">\n<div class=\"section\">\n<div class=\"layoutArea\">\n<div class=\"column\">\n<p>Todo el contenido del sitio web, como textos, fotograf\u00edas, gr\u00e1ficos, im\u00e1genes, iconos, tecnolog\u00eda, software, as\u00ed como el dise\u00f1o gr\u00e1fico y los c\u00f3digos fuente, constituyen una obra propiedad del titular de la web, sin que puedan entenderse cedidos al usuario ninguno de los derechos de explotaci\u00f3n sobre los mismos, m\u00e1s all\u00e1 de lo estrictamente necesario para el correcto uso de la web.<\/p>\n<p>En resumen, los usuarios que accedan a este sitio web pueden ver el contenido y hacer, si es necesario, copias privadas autorizadas, siempre que los elementos reproducidos no sean cedidos posteriormente a terceros, ni instalados en servidores conectados a redes, ni sujetos a ninguna explotaci\u00f3n.<\/p>\n<p>Del mismo modo, todas las marcas registradas, nombres comerciales o signos distintivos de cualquier tipo que aparezcan en el sitio web son propiedad del propietario de la web, sin que se entienda que el uso o el acceso a \u00e9l atribuyen al usuario cualquier derecho sobre los mismos.<\/p>\n<p>Queda prohibida la distribuci\u00f3n, modificaci\u00f3n, cesi\u00f3n o comunicaci\u00f3n p\u00fablica de los contenidos y cualquier otro acto, que no haya sido expresamente autorizado por el titular de los derechos de explotaci\u00f3n.<\/p>\n<p>El establecimiento de un hiperv\u00ednculo no implica en ning\u00fan caso la existencia de relaciones entre el propietario de la web y el propietario del sitio web en el que se establece, ni la aceptaci\u00f3n y aprobaci\u00f3n por parte del titular de la web de sus contenidos o servicios.<\/p>\n<p>Aquellos que pretenden establecer un hiperv\u00ednculo previamente deben solicitar autorizaci\u00f3n por escrito al propietario de la web y deben abstenerse de hacer declaraciones o<\/p>\n<\/div>\n<\/div>\n<\/div>\n<div class=\"section\">\n<div class=\"layoutArea\">\n<div class=\"column\">\n<p>indicaciones falsas, inexactas o incorrectas sobre el propietario de la web, o incluir contenido ilegal, contrario a las buenas costumbres y al orden p\u00fablico.<\/p>\n<p>RENUNCIA DE GARANT\u00cdAS Y RESPONSABILIDAD<\/p>\n<p>El contenido de este sitio web es de car\u00e1cter general y tiene un prop\u00f3sito puramente informativo, sin la plena garant\u00eda de acceso a todos los contenidos, su integridad, correcci\u00f3n, validez o actualidad, o su idoneidad o utilidad para un fin determinado.<\/p>\n<p>El propietario del sitio web excluye, cuando este ordenamiento jur\u00eddico lo permite, toda responsabilidad por da\u00f1os de cualquier naturaleza derivados de:<\/p>\n<\/div>\n<\/div>\n<\/div>\n<\/div>\n<div class=\"section\">\n<div class=\"layoutArea\">\n<div class=\"column\">\n<ul>\n<li>La imposibilidad de acceso al sitio web o la falta de veracidad, exactitud, integridad y \/ o actualidad de los contenidos, as\u00ed como la existencia de vicios y defectos de todo tipo de contenidos transmitidos, difundidos, almacenados&#8230;, a trav\u00e9s del sitio web o de los servicios ofrecidos.<\/li>\n<li>La presencia de virus u otros elementos en los contenidos que puedan causar alteraciones en los sistemas inform\u00e1ticos, documentos electr\u00f3nicos o datos de los usuarios.<\/li>\n<li>Incumplimiento de las leyes, buena fe, orden p\u00fablico, usos del tr\u00e1fico y este Aviso Legal como consecuencia del uso incorrecto del sitio web. En particular, y a t\u00edtulo de ejemplo, el titular de la web no es responsable de las acciones de terceros que infrinjan derechos de propiedad intelectual e industrial, secretos comerciales, derechos de honor, privacidad personal y familiar y la propia imagen, as\u00ed como normas sobre competencia desleal y publicidad il\u00edcita.<\/li>\n<\/ul>\n<\/div>\n<\/div>\n<\/div>\n<\/div>\n<div class=\"page\" title=\"Page 3\">\n<div class=\"section\">\n<div class=\"layoutArea\">\n<div class=\"column\"><\/div>\n<\/div>\n<\/div>\n<div class=\"section\">\n<div class=\"layoutArea\">\n<div class=\"column\">\n<p>Adem\u00e1s, el propietario de la web declina cualquier responsabilidad con respecto a la informaci\u00f3n que est\u00e1 fuera de este sitio web y no sea administrada directamente por nuestro webmaster. La funci\u00f3n de los enlaces que aparecen en esta web es exclusivamente la de informar al usuario sobre la existencia de otras fuentes susceptibles de ampliar los contenidos ofrecidos por este sitio web. El propietario de la web no garantiza, ni es responsable de la operaci\u00f3n o accesibilidad de los sitios vinculados; Tampoco sugiere, invita o recomienda la visita a ellos, ni es responsable del resultado obtenido. El propietario de la web no es responsable del establecimiento de hiperv\u00ednculos por parte de terceros.<\/p>\n<\/div>\n<\/div>\n<\/div>\n<div class=\"section\">\n<div class=\"layoutArea\">\n<div class=\"column\">\n<div class=\"page\" title=\"Page 3\">\n<div class=\"section\">\n<div class=\"layoutArea\">\n<div class=\"column\">\n<p>PPROPIEDAD INTELECTUAL E INDUSTRIAL<\/p>\n<p>El Usuario reconoce que todos los contenidos de la web y, en concreto, de toda la informaci\u00f3n y materiales, la estructura, selecci\u00f3n, ordenaci\u00f3n y presentaci\u00f3n de sus contenidos, programas y desarrollo de aplicaciones utilizados en relaci\u00f3n con ellos, est\u00e1n protegidos por derechos de propiedad intelectual e industrial propiedad del titular de la web o, en su caso, de terceros.<\/p>\n<p>En ning\u00fan caso el acceso a los mismos o su utilizaci\u00f3n por parte del Usuario implicar\u00e1 ning\u00fan tipo de renuncia, transmisi\u00f3n o cesi\u00f3n total ni parcial de dichos derechos, ni confiere ning\u00fan derecho de utilizaci\u00f3n, alteraci\u00f3n, explotaci\u00f3n, reproducci\u00f3n, distribuci\u00f3n o comunicaci\u00f3n p\u00fablica sobre dichos contenidos, sin la previa y expresa autorizaci\u00f3n espec\u00edficamente otorgada a tal efecto por parte de FUNDACI\u00d3 VALLBO o del tercero titular de los derechos afectados.<\/p>\n<p>FUNDACI\u00d3 VALLBO es titular de los elementos que integran el dise\u00f1o gr\u00e1fico de su web, los men\u00fas, botones de navegaci\u00f3n, el c\u00f3digo, los textos, im\u00e1genes, texturas, gr\u00e1ficos y cualquier otro contenido de la p\u00e1gina web o, en otros casos, dispone de la correspondiente autorizaci\u00f3n para la utilizaci\u00f3n de dichos elementos. Todas las marcas, nombres comerciales o signos distintivos mostrados en esta p\u00e1gina son propiedad de FUNDACI\u00d3 VALLBO y\/o de terceras empresas. Se proh\u00edbe usarlos o descargarlos permanentemente, copiarlos o distribuirlos por cualquier medio sin el preceptivo consentimiento de su titular.<\/p>\n<\/div>\n<\/div>\n<\/div>\n<div class=\"section\">\n<div class=\"layoutArea\">\n<div class=\"column\">\n<p>En el caso de que cualquier Usuario o un tercero consideren que cualquiera de los contenidos ha sido introducido en la web con violaci\u00f3n de sus derechos de Propiedad Intelectual o Industrial, se deber\u00e1\u0301 enviar una notificaci\u00f3n a FUNDACI\u00d3 VALLBO identific\u00e1ndose a s\u00ed mismo y al titular de los derechos de propiedad intelectual o industrial supuestamente infringidos, aportando t\u00edtulo o acreditaci\u00f3n de la representaci\u00f3n de los mencionados derechos.<\/p>\n<p>El Usuario reconoce y acepta que la informaci\u00f3n publicada o contenida en www. FUNDACI\u00d3VALLBO.CAT generada por FUNDACI\u00d3VALLBO.CAT o por los dem\u00e1s usuarios, ser\u00e1 claramente identificada de forma tal que se reconozca que la misma proviene de FUNDACI\u00d3VALLBO.CAT o de los usuarios o de alg\u00fan tercero.<\/p>\n<p>Las informaciones, conceptos, art\u00edculos y opiniones publicadas en www FUNDACI\u00d3VALLBO.CAT no necesariamente reflejan la posici\u00f3n de FUNDACI\u00d3VALLBO.CAT ni de sus empleados, oficiales, directores, accionistas, patrocinadores y alianzas (en lo sucesivo los \u00abAfiliados\u00bb). Por esta raz\u00f3n, FUNDACI\u00d3VALLBO.CAT no se hace responsable por ninguna de las informaciones, opiniones, art\u00edculos y conceptos que se publiquen o emitan en FUNDACI\u00d3VALLBO.CAT<\/p>\n<p>Asimismo, FUNDACI\u00d3VALLBO.CAT no se hace responsable de las consecuencias que se puedan derivar del uso de consejos, procedimientos, etc., incluidas en la p\u00e1gina de Internet, incluidas las subp\u00e1ginas, etc., y se entiende que, es bajo el propio riesgo y responsabilidad del Usuario, el uso y seguimiento a dichos consejos, comentarios, procedimientos, etc., que se den en los espacios referidos.<\/p>\n<p>FUNDACI\u00d3VALLBO.CAT se reserva el derecho de bloquear el acceso o remover en forma parcial o total, toda informaci\u00f3n, comunicaci\u00f3n o material, que a su exclusivo juicio pueda resultar:<\/p>\n<p>(i) abusivo, difamatorio u obsceno<br \/>\n(ii) fraudulento, artificioso o enga\u00f1oso,<\/p>\n<p>(iii) violatorio de derechos de autor, marcas, confidencialidad, secretos industriales o cualquier derecho de propiedad intelectual de un tercero,<\/p>\n<p>(iv) ofensivo, injurioso, amenazante, violento, da\u00f1ino o<\/p>\n<p>(v) no relacionado con el tema de responsabilidad social o sin inter\u00e9s para los dem\u00e1s usuarios o<\/p>\n<p>(vi) de cualquier forma que contravenga lo establecido en este Aviso Legal.<\/p>\n<p>Si el Usuario desea obtener mayor informaci\u00f3n de un tema en espec\u00edfico provisto por FUNDACI\u00d3VALLBO.CAT o los dem\u00e1s usuarios, el Usuario deber\u00e1 consultarlo directamente con cada uno de ellos, seg\u00fan corresponda y\/o con un especialista en la materia.<\/p>\n<\/div>\n<\/div>\n<\/div>\n<\/div>\n<div class=\"page\" title=\"Page 4\"><span style=\"font-size: 30px;\">2. POL\u00cdTICA DE COOKIES<\/span><\/div>\n<\/div>\n<\/div>\n<\/div>\n<\/div>\n<\/div>\n<\/div>\n<\/div>\n<div class=\"page\" title=\"Page 4\">\n<div class=\"layoutArea\">\n<div class=\"column\">\n<p>Cuando necesitamos obtener informaci\u00f3n de su parte, siempre le ofreceremos que la proporcione voluntariamente de forma expresa. Los datos recogidos a trav\u00e9s de los formularios de datos del sitio web u otros canales se incorporar\u00e1n a un fichero de datos personales debidamente registrado en el Registro General de Protecci\u00f3n de Datos, el cual es responsable, el titular de la web. Esta entidad tratar\u00e1 los datos confidencial y exclusivamente con el fin de ofrecer los servicios solicitados, con todas las garant\u00edas legales.<\/p>\n<p>El propietario de la web se compromete a no ceder, vender o compartir los datos con terceros sin su aprobaci\u00f3n expresa.<\/p>\n<p>Asimismo, el titular de la web cancelar\u00e1 o rectificar\u00e1 los datos cuando sean inexactos, incompletos o ya no sean necesarios o relevantes para su prop\u00f3sito.<\/p>\n<p>El usuario podr\u00e1 revocar el consentimiento otorgado y ejercitar los derechos de acceso, rectificaci\u00f3n, cancelaci\u00f3n y oposici\u00f3n dirigi\u00e9ndose a tal efecto al domicilio social del titular de la web, identificando adecuadamente e indicando de manera visible el derecho concreto que se ejerce.<\/p>\n<p>El propietario de la web adopta los niveles de seguridad correspondientes requeridos por la Ley y otras regulaciones aplicables. Sin embargo, no asume ninguna responsabilidad por los da\u00f1os causados por alteraciones que terceras personas puedan causar en los sistemas inform\u00e1ticos, documentos electr\u00f3nicos o archivos del usuario.<\/p>\n<p>El propietario de la web puede utilizar cookies durante la prestaci\u00f3n de servicios del sitio web. Las cookies son archivos f\u00edsicos de informaci\u00f3n personal alojados en el propio terminal del usuario. El usuario tiene la posibilidad de configurar su programa de navegador de una manera que impide la creaci\u00f3n de archivos de cookie o advierte de lo mismo.<\/p>\n<p>Si decide dejar nuestro sitio web a trav\u00e9s de enlaces a sitios web que no pertenezcan a nuestra entidad, el propietario de la web no ser\u00e1 responsable de las pol\u00edticas de privacidad de dichos sitios web ni de las cookies que puedan almacenarse en la computadora del usuario.<\/p>\n<p>Este sitio web utiliza Google Analytics, un servicio de an\u00e1lisis web proporcionado por Google, Inc., una empresa de Delaware con sede en 1600 Amphitheater Parkway, Mountain View (California), CA 94043, Estados Unidos (\u00abGoogle\u00bb).<\/p>\n<p>Google Analytics utiliza \u00abcookies\u00bb, que son archivos de texto ubicados en su computadora, para ayudar al sitio web a analizar el uso de los usuarios del sitio web. La informaci\u00f3n generada por la cookie sobre su uso del sitio web (incluyendo su direcci\u00f3n IP) ser\u00e1 transmitida y archivada directamente por Google en servidores en los Estados Unidos.<\/p>\n<p>Google utilizar\u00e1 esta informaci\u00f3n en nuestro nombre con el prop\u00f3sito de realizar un seguimiento de su uso del sitio web, compilar informes de actividad del sitio web y proporcionar otros servicios relacionados con la actividad del sitio web y el uso de Internet.<\/p>\n<p>Google puede transmitir dicha informaci\u00f3n a terceros cuando as\u00ed lo exija la ley, o cuando dichos terceros procesen la informaci\u00f3n en nombre de Google. Google no asociar\u00e1 su direcci\u00f3n IP con ning\u00fan otro dato disponible para Google.<\/p>\n<p>Usted puede rechazar el procesamiento de datos o informaci\u00f3n rechazando el uso de cookies seleccionando la configuraci\u00f3n apropiada de su navegador; Sin embargo, debe saber que si lo hace, es posible que no pueda utilizar la funcionalidad completa de este sitio web. Mediante el uso de este sitio web, usted acepta el procesamiento de informaci\u00f3n sobre usted por Google de la manera y para los fines indicados anteriormente.<br \/>\nNuestra pol\u00edtica de correo electr\u00f3nico se centra en enviar s\u00f3lo las comunicaciones que ha solicitado recibir. Si prefiere no recibir estos mensajes por correo electr\u00f3nico, ofreceremos a trav\u00e9s de ellos la posibilidad de ejercer su cancelaci\u00f3n y renunciar a la recepci\u00f3n de estos mensajes.<\/p>\n<\/div>\n<\/div>\n<\/div>\n","protected":false},"excerpt":{"rendered":"<p>1.- AVISO LEGAL OBJETO Y ACEPTACI\u00d3N Este aviso legal regula el uso del sitio web WWW.FUNDACIOVALLBO.CAT, propiedad de Fundaci\u00f3 Vallbo. La navegaci\u00f3n en el sitio web<span class=\"excerpt-hellip\"> [\u2026]<\/span><\/p>\n","protected":false},"author":1,"featured_media":0,"parent":0,"menu_order":0,"comment_status":"closed","ping_status":"closed","template":"","meta":{"footnotes":""},"class_list":["post-2562","page","type-page","status-publish","hentry"],"yoast_head":"<!-- This site is optimized with the Yoast SEO plugin v24.6 - https:\/\/yoast.com\/wordpress\/plugins\/seo\/ -->\n<title>Aviso Legal - Fundaci\u00f3 Vallbo<\/title>\n<meta name=\"robots\" content=\"index, follow, max-snippet:-1, max-image-preview:large, max-video-preview:-1\" \/>\n<link rel=\"canonical\" href=\"https:\/\/www.fundaciovallbo.cat\/es\/aviso-legal\/\" \/>\n<meta property=\"og:locale\" content=\"es_ES\" \/>\n<meta property=\"og:type\" content=\"article\" \/>\n<meta property=\"og:title\" content=\"Aviso Legal - Fundaci\u00f3 Vallbo\" \/>\n<meta property=\"og:description\" content=\"1.- AVISO LEGAL OBJETO Y ACEPTACI\u00d3N Este aviso legal regula el uso del sitio web WWW.FUNDACIOVALLBO.CAT, propiedad de Fundaci\u00f3 Vallbo. La navegaci\u00f3n en el sitio web [\u2026]\" \/>\n<meta property=\"og:url\" content=\"https:\/\/www.fundaciovallbo.cat\/es\/aviso-legal\/\" \/>\n<meta property=\"og:site_name\" content=\"Fundaci\u00f3 Vallbo\" \/>\n<meta property=\"article:modified_time\" content=\"2022-07-06T12:48:49+00:00\" \/>\n<meta name=\"twitter:card\" content=\"summary_large_image\" \/>\n<meta name=\"twitter:label1\" content=\"Tiempo de lectura\" \/>\n\t<meta name=\"twitter:data1\" content=\"11 minutos\" \/>\n<script type=\"application\/ld+json\" class=\"yoast-schema-graph\">{\"@context\":\"https:\/\/schema.org\",\"@graph\":[{\"@type\":\"WebPage\",\"@id\":\"https:\/\/www.fundaciovallbo.cat\/es\/aviso-legal\/\",\"url\":\"https:\/\/www.fundaciovallbo.cat\/es\/aviso-legal\/\",\"name\":\"Aviso Legal - Fundaci\u00f3 Vallbo\",\"isPartOf\":{\"@id\":\"https:\/\/www.fundaciovallbo.cat\/#website\"},\"datePublished\":\"2019-12-16T15:46:09+00:00\",\"dateModified\":\"2022-07-06T12:48:49+00:00\",\"breadcrumb\":{\"@id\":\"https:\/\/www.fundaciovallbo.cat\/es\/aviso-legal\/#breadcrumb\"},\"inLanguage\":\"es\",\"potentialAction\":[{\"@type\":\"ReadAction\",\"target\":[\"https:\/\/www.fundaciovallbo.cat\/es\/aviso-legal\/\"]}]},{\"@type\":\"BreadcrumbList\",\"@id\":\"https:\/\/www.fundaciovallbo.cat\/es\/aviso-legal\/#breadcrumb\",\"itemListElement\":[{\"@type\":\"ListItem\",\"position\":1,\"name\":\"Home\",\"item\":\"https:\/\/www.fundaciovallbo.cat\/es\/\"},{\"@type\":\"ListItem\",\"position\":2,\"name\":\"Aviso Legal\"}]},{\"@type\":\"WebSite\",\"@id\":\"https:\/\/www.fundaciovallbo.cat\/#website\",\"url\":\"https:\/\/www.fundaciovallbo.cat\/\",\"name\":\"Fundaci\u00f3 Vallbo\",\"description\":\"\",\"potentialAction\":[{\"@type\":\"SearchAction\",\"target\":{\"@type\":\"EntryPoint\",\"urlTemplate\":\"https:\/\/www.fundaciovallbo.cat\/?s={search_term_string}\"},\"query-input\":{\"@type\":\"PropertyValueSpecification\",\"valueRequired\":true,\"valueName\":\"search_term_string\"}}],\"inLanguage\":\"es\"}]}<\/script>\n<!-- \/ Yoast SEO plugin. -->","yoast_head_json":{"title":"Aviso Legal - Fundaci\u00f3 Vallbo","robots":{"index":"index","follow":"follow","max-snippet":"max-snippet:-1","max-image-preview":"max-image-preview:large","max-video-preview":"max-video-preview:-1"},"canonical":"https:\/\/www.fundaciovallbo.cat\/es\/aviso-legal\/","og_locale":"es_ES","og_type":"article","og_title":"Aviso Legal - Fundaci\u00f3 Vallbo","og_description":"1.- AVISO LEGAL OBJETO Y ACEPTACI\u00d3N Este aviso legal regula el uso del sitio web WWW.FUNDACIOVALLBO.CAT, propiedad de Fundaci\u00f3 Vallbo. La navegaci\u00f3n en el sitio web [\u2026]","og_url":"https:\/\/www.fundaciovallbo.cat\/es\/aviso-legal\/","og_site_name":"Fundaci\u00f3 Vallbo","article_modified_time":"2022-07-06T12:48:49+00:00","twitter_card":"summary_large_image","twitter_misc":{"Tiempo de lectura":"11 minutos"},"schema":{"@context":"https:\/\/schema.org","@graph":[{"@type":"WebPage","@id":"https:\/\/www.fundaciovallbo.cat\/es\/aviso-legal\/","url":"https:\/\/www.fundaciovallbo.cat\/es\/aviso-legal\/","name":"Aviso Legal - Fundaci\u00f3 Vallbo","isPartOf":{"@id":"https:\/\/www.fundaciovallbo.cat\/#website"},"datePublished":"2019-12-16T15:46:09+00:00","dateModified":"2022-07-06T12:48:49+00:00","breadcrumb":{"@id":"https:\/\/www.fundaciovallbo.cat\/es\/aviso-legal\/#breadcrumb"},"inLanguage":"es","potentialAction":[{"@type":"ReadAction","target":["https:\/\/www.fundaciovallbo.cat\/es\/aviso-legal\/"]}]},{"@type":"BreadcrumbList","@id":"https:\/\/www.fundaciovallbo.cat\/es\/aviso-legal\/#breadcrumb","itemListElement":[{"@type":"ListItem","position":1,"name":"Home","item":"https:\/\/www.fundaciovallbo.cat\/es\/"},{"@type":"ListItem","position":2,"name":"Aviso Legal"}]},{"@type":"WebSite","@id":"https:\/\/www.fundaciovallbo.cat\/#website","url":"https:\/\/www.fundaciovallbo.cat\/","name":"Fundaci\u00f3 Vallbo","description":"","potentialAction":[{"@type":"SearchAction","target":{"@type":"EntryPoint","urlTemplate":"https:\/\/www.fundaciovallbo.cat\/?s={search_term_string}"},"query-input":{"@type":"PropertyValueSpecification","valueRequired":true,"valueName":"search_term_string"}}],"inLanguage":"es"}]}},"_links":{"self":[{"href":"https:\/\/www.fundaciovallbo.cat\/es\/wp-json\/wp\/v2\/pages\/2562","targetHints":{"allow":["GET"]}}],"collection":[{"href":"https:\/\/www.fundaciovallbo.cat\/es\/wp-json\/wp\/v2\/pages"}],"about":[{"href":"https:\/\/www.fundaciovallbo.cat\/es\/wp-json\/wp\/v2\/types\/page"}],"author":[{"embeddable":true,"href":"https:\/\/www.fundaciovallbo.cat\/es\/wp-json\/wp\/v2\/users\/1"}],"replies":[{"embeddable":true,"href":"https:\/\/www.fundaciovallbo.cat\/es\/wp-json\/wp\/v2\/comments?post=2562"}],"version-history":[{"count":8,"href":"https:\/\/www.fundaciovallbo.cat\/es\/wp-json\/wp\/v2\/pages\/2562\/revisions"}],"predecessor-version":[{"id":2569,"href":"https:\/\/www.fundaciovallbo.cat\/es\/wp-json\/wp\/v2\/pages\/2562\/revisions\/2569"}],"wp:attachment":[{"href":"https:\/\/www.fundaciovallbo.cat\/es\/wp-json\/wp\/v2\/media?parent=2562"}],"curies":[{"name":"wp","href":"https:\/\/api.w.org\/{rel}","templated":true}]}}